{"id":9,"date":"2025-08-05T16:48:53","date_gmt":"2025-08-05T19:48:53","guid":{"rendered":"https:\/\/unk.adv.br\/?page_id=9"},"modified":"2026-03-27T11:21:34","modified_gmt":"2026-03-27T14:21:34","slug":"home","status":"publish","type":"page","link":"https:\/\/unk.adv.br\/en\/","title":{"rendered":"(PT) Home"},"content":{"rendered":"","protected":false},"excerpt":{"rendered":"","protected":false},"author":1,"featured_media":0,"parent":0,"menu_order":0,"comment_status":"closed","ping_status":"closed","template":"index.php","meta":{"_acf_changed":false,"footnotes":""},"class_list":["post-9","page","type-page","status-publish","hentry"],"acf":[],"yoast_head":"<!-- This site is optimized with the Yoast SEO plugin v27.4 - https:\/\/yoast.com\/product\/yoast-seo-wordpress\/ -->\n<title>(PT) Home - Unikowski Advogados<\/title>\n<meta name=\"description\" content=\"Unikowski Advogados. Escrit\u00f3rio especializado em direito tribut\u00e1rio com mais de 15 anos. Reconhecida atua\u00e7\u00e3o\" \/>\n<meta name=\"robots\" content=\"index, follow, max-snippet:-1, max-image-preview:large, max-video-preview:-1\" \/>\n<link rel=\"canonical\" href=\"https:\/\/unk.adv.br\/en\/\" \/>\n<meta property=\"og:locale\" content=\"en_US\" \/>\n<meta property=\"og:type\" content=\"article\" \/>\n<meta property=\"og:title\" content=\"(PT) Home - Unikowski Advogados\" \/>\n<meta property=\"og:description\" content=\"Unikowski Advogados. Escrit\u00f3rio especializado em direito tribut\u00e1rio com mais de 15 anos. Reconhecida atua\u00e7\u00e3o\" \/>\n<meta property=\"og:url\" content=\"https:\/\/unk.adv.br\/en\/\" \/>\n<meta property=\"og:site_name\" content=\"Unikowski Advogados\" \/>\n<meta property=\"article:modified_time\" content=\"2026-03-27T14:21:34+00:00\" \/>\n<meta name=\"twitter:card\" content=\"summary_large_image\" \/>\n<script type=\"application\/ld+json\" class=\"yoast-schema-graph\">{\"@context\":\"https:\\\/\\\/schema.org\",\"@graph\":[{\"@type\":\"WebPage\",\"@id\":\"https:\\\/\\\/unk.adv.br\\\/en\\\/\",\"url\":\"https:\\\/\\\/unk.adv.br\\\/en\\\/\",\"name\":\"(PT) Home - Unikowski Advogados\",\"isPartOf\":{\"@id\":\"https:\\\/\\\/unk.adv.br\\\/en\\\/#website\"},\"datePublished\":\"2025-08-05T19:48:53+00:00\",\"dateModified\":\"2026-03-27T14:21:34+00:00\",\"description\":\"Unikowski Advogados. Escrit\u00f3rio especializado em direito tribut\u00e1rio com mais de 15 anos. Reconhecida atua\u00e7\u00e3o\",\"breadcrumb\":{\"@id\":\"https:\\\/\\\/unk.adv.br\\\/en\\\/#breadcrumb\"},\"inLanguage\":\"en-US\",\"potentialAction\":[{\"@type\":\"ReadAction\",\"target\":[[\"https:\\\/\\\/unk.adv.br\\\/en\\\/\"]]}]},{\"@type\":\"BreadcrumbList\",\"@id\":\"https:\\\/\\\/unk.adv.br\\\/en\\\/#breadcrumb\",\"itemListElement\":[{\"@type\":\"ListItem\",\"position\":1,\"name\":\"In\u00edcio\",\"item\":\"https:\\\/\\\/unk.adv.br\\\/en\\\/\"},{\"@type\":\"ListItem\",\"position\":2,\"name\":\"Home\"}]},{\"@type\":\"WebSite\",\"@id\":\"https:\\\/\\\/unk.adv.br\\\/en\\\/#website\",\"url\":\"https:\\\/\\\/unk.adv.br\\\/en\\\/\",\"name\":\"Unikowski Advogados\",\"description\":\"\",\"publisher\":{\"@id\":\"https:\\\/\\\/unk.adv.br\\\/en\\\/#organization\"},\"potentialAction\":[{\"@type\":\"SearchAction\",\"target\":{\"@type\":\"EntryPoint\",\"urlTemplate\":\"https:\\\/\\\/unk.adv.br\\\/en\\\/?s={search_term_string}\"},\"query-input\":{\"@type\":\"PropertyValueSpecification\",\"valueRequired\":true,\"valueName\":\"search_term_string\"}}],\"inLanguage\":\"en-US\"},{\"@type\":\"Organization\",\"@id\":\"https:\\\/\\\/unk.adv.br\\\/en\\\/#organization\",\"name\":\"Unikowski Advogados\",\"url\":\"https:\\\/\\\/unk.adv.br\\\/en\\\/\",\"logo\":{\"@type\":\"ImageObject\",\"inLanguage\":\"en-US\",\"@id\":\"https:\\\/\\\/unk.adv.br\\\/en\\\/#\\\/schema\\\/logo\\\/image\\\/\",\"url\":\"https:\\\/\\\/unk.adv.br\\\/wp-content\\\/uploads\\\/2025\\\/08\\\/cropped-favicon.jpeg\",\"contentUrl\":\"https:\\\/\\\/unk.adv.br\\\/wp-content\\\/uploads\\\/2025\\\/08\\\/cropped-favicon.jpeg\",\"width\":512,\"height\":512,\"caption\":\"Unikowski Advogados\"},\"image\":{\"@id\":\"https:\\\/\\\/unk.adv.br\\\/en\\\/#\\\/schema\\\/logo\\\/image\\\/\"}}]}<\/script>\n<!-- \/ Yoast SEO plugin. -->","yoast_head_json":{"title":"(PT) Home - Unikowski Advogados","description":"Unikowski Advogados. Escrit\u00f3rio especializado em direito tribut\u00e1rio com mais de 15 anos. Reconhecida atua\u00e7\u00e3o","robots":{"index":"index","follow":"follow","max-snippet":"max-snippet:-1","max-image-preview":"max-image-preview:large","max-video-preview":"max-video-preview:-1"},"canonical":"https:\/\/unk.adv.br\/en\/","og_locale":"en_US","og_type":"article","og_title":"(PT) Home - Unikowski Advogados","og_description":"Unikowski Advogados. Escrit\u00f3rio especializado em direito tribut\u00e1rio com mais de 15 anos. Reconhecida atua\u00e7\u00e3o","og_url":"https:\/\/unk.adv.br\/en\/","og_site_name":"Unikowski Advogados","article_modified_time":"2026-03-27T14:21:34+00:00","twitter_card":"summary_large_image","schema":{"@context":"https:\/\/schema.org","@graph":[{"@type":"WebPage","@id":"https:\/\/unk.adv.br\/en\/","url":"https:\/\/unk.adv.br\/en\/","name":"(PT) Home - Unikowski Advogados","isPartOf":{"@id":"https:\/\/unk.adv.br\/en\/#website"},"datePublished":"2025-08-05T19:48:53+00:00","dateModified":"2026-03-27T14:21:34+00:00","description":"Unikowski Advogados. Escrit\u00f3rio especializado em direito tribut\u00e1rio com mais de 15 anos. Reconhecida atua\u00e7\u00e3o","breadcrumb":{"@id":"https:\/\/unk.adv.br\/en\/#breadcrumb"},"inLanguage":"en-US","potentialAction":[{"@type":"ReadAction","target":[["https:\/\/unk.adv.br\/en\/"]]}]},{"@type":"BreadcrumbList","@id":"https:\/\/unk.adv.br\/en\/#breadcrumb","itemListElement":[{"@type":"ListItem","position":1,"name":"In\u00edcio","item":"https:\/\/unk.adv.br\/en\/"},{"@type":"ListItem","position":2,"name":"Home"}]},{"@type":"WebSite","@id":"https:\/\/unk.adv.br\/en\/#website","url":"https:\/\/unk.adv.br\/en\/","name":"Unikowski Advogados","description":"","publisher":{"@id":"https:\/\/unk.adv.br\/en\/#organization"},"potentialAction":[{"@type":"SearchAction","target":{"@type":"EntryPoint","urlTemplate":"https:\/\/unk.adv.br\/en\/?s={search_term_string}"},"query-input":{"@type":"PropertyValueSpecification","valueRequired":true,"valueName":"search_term_string"}}],"inLanguage":"en-US"},{"@type":"Organization","@id":"https:\/\/unk.adv.br\/en\/#organization","name":"Unikowski Advogados","url":"https:\/\/unk.adv.br\/en\/","logo":{"@type":"ImageObject","inLanguage":"en-US","@id":"https:\/\/unk.adv.br\/en\/#\/schema\/logo\/image\/","url":"https:\/\/unk.adv.br\/wp-content\/uploads\/2025\/08\/cropped-favicon.jpeg","contentUrl":"https:\/\/unk.adv.br\/wp-content\/uploads\/2025\/08\/cropped-favicon.jpeg","width":512,"height":512,"caption":"Unikowski Advogados"},"image":{"@id":"https:\/\/unk.adv.br\/en\/#\/schema\/logo\/image\/"}}]}},"_links":{"self":[{"href":"https:\/\/unk.adv.br\/en\/wp-json\/wp\/v2\/pages\/9","targetHints":{"allow":["GET"]}}],"collection":[{"href":"https:\/\/unk.adv.br\/en\/wp-json\/wp\/v2\/pages"}],"about":[{"href":"https:\/\/unk.adv.br\/en\/wp-json\/wp\/v2\/types\/page"}],"author":[{"embeddable":true,"href":"https:\/\/unk.adv.br\/en\/wp-json\/wp\/v2\/users\/1"}],"replies":[{"embeddable":true,"href":"https:\/\/unk.adv.br\/en\/wp-json\/wp\/v2\/comments?post=9"}],"version-history":[{"count":1,"href":"https:\/\/unk.adv.br\/en\/wp-json\/wp\/v2\/pages\/9\/revisions"}],"predecessor-version":[{"id":10,"href":"https:\/\/unk.adv.br\/en\/wp-json\/wp\/v2\/pages\/9\/revisions\/10"}],"wp:attachment":[{"href":"https:\/\/unk.adv.br\/en\/wp-json\/wp\/v2\/media?parent=9"}],"curies":[{"name":"wp","href":"https:\/\/api.w.org\/{rel}","templated":true}]}}